{"id":10089,"date":"2024-04-04T10:05:34","date_gmt":"2024-04-04T08:05:34","guid":{"rendered":"https:\/\/italproget.it\/inox\/"},"modified":"2024-05-20T16:15:00","modified_gmt":"2024-05-20T14:15:00","slug":"inox","status":"publish","type":"page","link":"https:\/\/italproget.it\/fr\/inox\/","title":{"rendered":"Modules Inox"},"content":{"rendered":"<div class=\"fusion-fullwidth fullwidth-box fusion-builder-row-1 fusion-flex-container hundred-percent-fullwidth non-hundred-percent-height-scrolling\" style=\"--awb-border-radius-top-left:0px;--awb-border-radius-top-right:0px;--awb-border-radius-bottom-right:0px;--awb-border-radius-bottom-left:0px;--awb-padding-top:0%;--awb-padding-right:6%;--awb-padding-bottom:0%;--awb-padding-left:6%;--awb-flex-wrap:wrap;\" ><div class=\"fusion-builder-row fusion-row fusion-flex-align-items-stretch fusion-flex-content-wrap\" style=\"width:104% !important;max-width:104% !important;margin-left: calc(-4% \/ 2 );margin-right: calc(-4% \/ 2 );\"><div class=\"fusion-layout-column fusion_builder_column fusion-builder-column-0 fusion_builder_column_1_1 1_1 fusion-flex-column\" style=\"--awb-bg-size:cover;--awb-width-large:100%;--awb-margin-top-large:25px;--awb-spacing-right-large:1.92%;--awb-margin-bottom-large:0px;--awb-spacing-left-large:1.92%;--awb-width-medium:100%;--awb-order-medium:0;--awb-spacing-right-medium:1.92%;--awb-spacing-left-medium:1.92%;--awb-width-small:100%;--awb-order-small:0;--awb-spacing-right-small:1.92%;--awb-spacing-left-small:1.92%;\"><div class=\"fusion-column-wrapper fusion-column-has-shadow fusion-flex-justify-content-flex-start fusion-content-layout-column\"><div class=\"fusion-title title fusion-title-1 fusion-sep-none fusion-title-text fusion-title-size-six\"><h6 class=\"fusion-title-heading title-heading-left fusion-responsive-typography-calculated\" style=\"margin:0;--fontSize:12;--minFontSize:12;line-height:var(--awb-typography2-line-height);\">Choisissez le produit le mieux adapt\u00e9 \u00e0 vos besoins<\/h6><\/div><div class=\"fusion-title title fusion-title-2 fusion-sep-none fusion-title-text fusion-title-size-one\"><h1 class=\"fusion-title-heading title-heading-left fusion-responsive-typography-calculated\" style=\"margin:0;--fontSize:60;line-height:var(--awb-typography1-line-height);\"><span style=\"color: #8f9d73;\">Comptoirs Inox<\/span><\/h1><\/div><\/div><\/div><div class=\"fusion-layout-column fusion_builder_column fusion-builder-column-1 fusion_builder_column_1_4 1_4 fusion-flex-column fusion-flex-align-self-flex-start\" style=\"--awb-padding-top:8%;--awb-padding-bottom:8%;--awb-padding-top-medium:30px;--awb-padding-bottom-medium:30px;--awb-padding-top-small:10px;--awb-padding-bottom-small:10px;--awb-bg-size:cover;--awb-width-large:25%;--awb-margin-top-large:0px;--awb-spacing-right-large:7.68%;--awb-margin-bottom-large:0px;--awb-spacing-left-large:20px;--awb-width-medium:100%;--awb-spacing-right-medium:1.92%;--awb-spacing-left-medium:1.92%;--awb-width-small:100%;--awb-spacing-right-small:1.92%;--awb-spacing-left-small:1.92%;\"><div class=\"fusion-column-wrapper fusion-column-has-shadow fusion-flex-justify-content-center fusion-content-layout-column\"><div class=\"fusion-image-element \" style=\"--awb-caption-title-font-family:var(--h2_typography-font-family);--awb-caption-title-font-weight:var(--h2_typography-font-weight);--awb-caption-title-font-style:var(--h2_typography-font-style);--awb-caption-title-size:var(--h2_typography-font-size);--awb-caption-title-transform:var(--h2_typography-text-transform);--awb-caption-title-line-height:var(--h2_typography-line-height);--awb-caption-title-letter-spacing:var(--h2_typography-letter-spacing);\"><span class=\" fusion-imageframe imageframe-dropshadow imageframe-1 hover-type-zoomin\" style=\"-webkit-box-shadow: 9px 9px 13px rgba(147,147,147,0.3);box-shadow: 9px 9px 13px rgba(147,147,147,0.3);\"><a class=\"fusion-no-lightbox\" href=\"https:\/\/italproget.it\/fr\/cellules\/\" target=\"_self\" aria-label=\"Celle_principale\"><img decoding=\"async\" width=\"1000\" height=\"960\" src=\"https:\/\/italproget.it\/wp-content\/uploads\/2024\/04\/Celle_principale.jpg\" data-orig-src=\"https:\/\/italproget.it\/wp-content\/uploads\/2024\/04\/Celle_principale.jpg\" alt class=\"lazyload img-responsive wp-image-10112\" srcset=\"data:image\/svg+xml,%3Csvg%20xmlns%3D%27http%3A%2F%2Fwww.w3.org%2F2000%2Fsvg%27%20width%3D%271000%27%20height%3D%27960%27%20viewBox%3D%270%200%201000%20960%27%3E%3Crect%20width%3D%271000%27%20height%3D%27960%27%20fill-opacity%3D%220%22%2F%3E%3C%2Fsvg%3E\" data-srcset=\"https:\/\/italproget.it\/wp-content\/uploads\/2024\/04\/Celle_principale-200x192.jpg 200w, https:\/\/italproget.it\/wp-content\/uploads\/2024\/04\/Celle_principale-400x384.jpg 400w, https:\/\/italproget.it\/wp-content\/uploads\/2024\/04\/Celle_principale-600x576.jpg 600w, https:\/\/italproget.it\/wp-content\/uploads\/2024\/04\/Celle_principale-800x768.jpg 800w, https:\/\/italproget.it\/wp-content\/uploads\/2024\/04\/Celle_principale.jpg 1000w\" data-sizes=\"auto\" data-orig-sizes=\"(max-width: 1024px) 100vw, (max-width: 640px) 100vw, 400px\" \/><\/a><\/span><\/div><div class=\"fusion-builder-row fusion-builder-row-inner fusion-row fusion-flex-align-items-stretch fusion-flex-content-wrap\" style=\"width:104% !important;max-width:104% !important;margin-left: calc(-4% \/ 2 );margin-right: calc(-4% \/ 2 );\"><div class=\"fusion-layout-column fusion_builder_column_inner fusion-builder-nested-column-0 fusion_builder_column_inner_1_1 1_1 fusion-flex-column\" style=\"--awb-bg-size:cover;--awb-width-large:100%;--awb-margin-top-large:0px;--awb-spacing-right-large:0%;--awb-margin-bottom-large:0px;--awb-spacing-left-large:1.824%;--awb-width-medium:100%;--awb-margin-top-medium:10px;--awb-spacing-right-medium:1.92%;--awb-margin-bottom-medium:10px;--awb-spacing-left-medium:1.92%;--awb-width-small:100%;--awb-margin-top-small:30px;--awb-spacing-right-small:1.92%;--awb-margin-bottom-small:30px;--awb-spacing-left-small:1.92%;\"><div class=\"fusion-column-wrapper fusion-column-has-shadow fusion-flex-justify-content-flex-start fusion-content-layout-column\"><div class=\"fusion-title title fusion-title-3 fusion-sep-none fusion-title-text fusion-title-size-two\" style=\"--awb-margin-bottom:32px;--awb-margin-bottom-small:60px;--awb-font-size:25px;\"><h2 class=\"fusion-title-heading title-heading-left fusion-responsive-typography-calculated\" style=\"font-family:&quot;Work Sans&quot;;font-style:normal;font-weight:300;margin:0;font-size:1em;--fontSize:25;line-height:1.26;\"><a href=\"https:\/\/italproget.it\/fr\/cellules\/\"><span style=\"color: #8f9d73;\"><strong>CELLULES R\u00c9FRIG\u00c9R\u00c9ES<\/strong><\/span><\/a><\/h2><\/div><div class=\"fusion-text fusion-text-1\"><\/div><\/div><\/div><\/div><\/div><\/div><div class=\"fusion-layout-column fusion_builder_column fusion-builder-column-2 fusion_builder_column_1_4 1_4 fusion-flex-column fusion-flex-align-self-flex-start\" style=\"--awb-padding-top:8%;--awb-padding-bottom:8%;--awb-padding-top-medium:30px;--awb-padding-bottom-medium:30px;--awb-padding-top-small:10px;--awb-padding-bottom-small:10px;--awb-bg-size:cover;--awb-width-large:25%;--awb-margin-top-large:0px;--awb-spacing-right-large:7.68%;--awb-margin-bottom-large:0px;--awb-spacing-left-large:20px;--awb-width-medium:100%;--awb-spacing-right-medium:1.92%;--awb-spacing-left-medium:1.92%;--awb-width-small:100%;--awb-spacing-right-small:1.92%;--awb-spacing-left-small:1.92%;\"><div class=\"fusion-column-wrapper fusion-column-has-shadow fusion-flex-justify-content-center fusion-content-layout-column\"><div class=\"fusion-image-element \" style=\"--awb-caption-title-font-family:var(--h2_typography-font-family);--awb-caption-title-font-weight:var(--h2_typography-font-weight);--awb-caption-title-font-style:var(--h2_typography-font-style);--awb-caption-title-size:var(--h2_typography-font-size);--awb-caption-title-transform:var(--h2_typography-text-transform);--awb-caption-title-line-height:var(--h2_typography-line-height);--awb-caption-title-letter-spacing:var(--h2_typography-letter-spacing);\"><span class=\" fusion-imageframe imageframe-dropshadow imageframe-2 hover-type-zoomin\" style=\"-webkit-box-shadow: 9px 9px 13px rgba(147,147,147,0.3);box-shadow: 9px 9px 13px rgba(147,147,147,0.3);\"><a class=\"fusion-no-lightbox\" href=\"https:\/\/italproget.it\/fr\/modules-refrigeres\/\" target=\"_self\" aria-label=\"Moduli_principale\"><img decoding=\"async\" width=\"1000\" height=\"960\" src=\"https:\/\/italproget.it\/wp-content\/uploads\/2024\/04\/Moduli_principale.jpg\" data-orig-src=\"https:\/\/italproget.it\/wp-content\/uploads\/2024\/04\/Moduli_principale.jpg\" alt class=\"lazyload img-responsive wp-image-10150\" srcset=\"data:image\/svg+xml,%3Csvg%20xmlns%3D%27http%3A%2F%2Fwww.w3.org%2F2000%2Fsvg%27%20width%3D%271000%27%20height%3D%27960%27%20viewBox%3D%270%200%201000%20960%27%3E%3Crect%20width%3D%271000%27%20height%3D%27960%27%20fill-opacity%3D%220%22%2F%3E%3C%2Fsvg%3E\" data-srcset=\"https:\/\/italproget.it\/wp-content\/uploads\/2024\/04\/Moduli_principale-200x192.jpg 200w, https:\/\/italproget.it\/wp-content\/uploads\/2024\/04\/Moduli_principale-400x384.jpg 400w, https:\/\/italproget.it\/wp-content\/uploads\/2024\/04\/Moduli_principale-600x576.jpg 600w, https:\/\/italproget.it\/wp-content\/uploads\/2024\/04\/Moduli_principale-800x768.jpg 800w, https:\/\/italproget.it\/wp-content\/uploads\/2024\/04\/Moduli_principale.jpg 1000w\" data-sizes=\"auto\" data-orig-sizes=\"(max-width: 1024px) 100vw, (max-width: 640px) 100vw, 400px\" \/><\/a><\/span><\/div><div class=\"fusion-builder-row fusion-builder-row-inner fusion-row fusion-flex-align-items-stretch fusion-flex-content-wrap\" style=\"width:104% !important;max-width:104% !important;margin-left: calc(-4% \/ 2 );margin-right: calc(-4% \/ 2 );\"><div class=\"fusion-layout-column fusion_builder_column_inner fusion-builder-nested-column-1 fusion_builder_column_inner_1_1 1_1 fusion-flex-column\" style=\"--awb-bg-size:cover;--awb-width-large:100%;--awb-margin-top-large:0px;--awb-spacing-right-large:0%;--awb-margin-bottom-large:0px;--awb-spacing-left-large:1.824%;--awb-width-medium:100%;--awb-margin-top-medium:10px;--awb-spacing-right-medium:1.92%;--awb-margin-bottom-medium:10px;--awb-spacing-left-medium:1.92%;--awb-width-small:100%;--awb-margin-top-small:30px;--awb-spacing-right-small:1.92%;--awb-margin-bottom-small:30px;--awb-spacing-left-small:1.92%;\"><div class=\"fusion-column-wrapper fusion-column-has-shadow fusion-flex-justify-content-flex-start fusion-content-layout-column\"><div class=\"fusion-title title fusion-title-4 fusion-sep-none fusion-title-text fusion-title-size-two\" style=\"--awb-margin-bottom:32px;--awb-margin-bottom-small:60px;--awb-font-size:25px;\"><h2 class=\"fusion-title-heading title-heading-left fusion-responsive-typography-calculated\" style=\"font-family:&quot;Work Sans&quot;;font-style:normal;font-weight:300;margin:0;font-size:1em;--fontSize:25;line-height:1.26;\"><a href=\"https:\/\/italproget.it\/fr\/modules-refrigeres\/\"><span style=\"color: #8f9d73;\"><strong>MODULES R\u00c9FRIG\u00c9R\u00c9S<\/strong><\/span><\/a><\/h2><\/div><div class=\"fusion-text fusion-text-2\"><\/div><\/div><\/div><\/div><\/div><\/div><div class=\"fusion-layout-column fusion_builder_column fusion-builder-column-3 fusion_builder_column_1_4 1_4 fusion-flex-column fusion-flex-align-self-flex-start\" style=\"--awb-padding-top:8%;--awb-padding-bottom:8%;--awb-padding-top-medium:30px;--awb-padding-bottom-medium:30px;--awb-padding-top-small:10px;--awb-padding-bottom-small:10px;--awb-bg-size:cover;--awb-width-large:25%;--awb-margin-top-large:0px;--awb-spacing-right-large:7.68%;--awb-margin-bottom-large:0px;--awb-spacing-left-large:20px;--awb-width-medium:100%;--awb-spacing-right-medium:1.92%;--awb-spacing-left-medium:1.92%;--awb-width-small:100%;--awb-spacing-right-small:1.92%;--awb-spacing-left-small:1.92%;\"><div class=\"fusion-column-wrapper fusion-column-has-shadow fusion-flex-justify-content-center fusion-content-layout-column\"><div class=\"fusion-image-element \" style=\"--awb-caption-title-font-family:var(--h2_typography-font-family);--awb-caption-title-font-weight:var(--h2_typography-font-weight);--awb-caption-title-font-style:var(--h2_typography-font-style);--awb-caption-title-size:var(--h2_typography-font-size);--awb-caption-title-transform:var(--h2_typography-text-transform);--awb-caption-title-line-height:var(--h2_typography-line-height);--awb-caption-title-letter-spacing:var(--h2_typography-letter-spacing);\"><span class=\" fusion-imageframe imageframe-dropshadow imageframe-3 hover-type-zoomin\" style=\"-webkit-box-shadow: 9px 9px 13px rgba(147,147,147,0.3);box-shadow: 9px 9px 13px rgba(147,147,147,0.3);\"><a class=\"fusion-no-lightbox\" href=\"https:\/\/italproget.it\/fr\/modules-neutres\/\" target=\"_self\" aria-label=\"moduli_neutri_pom\"><img decoding=\"async\" width=\"1000\" height=\"960\" src=\"https:\/\/italproget.it\/wp-content\/uploads\/2024\/05\/moduli_neutri_pom.jpg\" data-orig-src=\"https:\/\/italproget.it\/wp-content\/uploads\/2024\/05\/moduli_neutri_pom.jpg\" alt class=\"lazyload img-responsive wp-image-11803\" srcset=\"data:image\/svg+xml,%3Csvg%20xmlns%3D%27http%3A%2F%2Fwww.w3.org%2F2000%2Fsvg%27%20width%3D%271000%27%20height%3D%27960%27%20viewBox%3D%270%200%201000%20960%27%3E%3Crect%20width%3D%271000%27%20height%3D%27960%27%20fill-opacity%3D%220%22%2F%3E%3C%2Fsvg%3E\" data-srcset=\"https:\/\/italproget.it\/wp-content\/uploads\/2024\/05\/moduli_neutri_pom-200x192.jpg 200w, https:\/\/italproget.it\/wp-content\/uploads\/2024\/05\/moduli_neutri_pom-400x384.jpg 400w, https:\/\/italproget.it\/wp-content\/uploads\/2024\/05\/moduli_neutri_pom-600x576.jpg 600w, https:\/\/italproget.it\/wp-content\/uploads\/2024\/05\/moduli_neutri_pom-800x768.jpg 800w, https:\/\/italproget.it\/wp-content\/uploads\/2024\/05\/moduli_neutri_pom.jpg 1000w\" data-sizes=\"auto\" data-orig-sizes=\"(max-width: 1024px) 100vw, (max-width: 640px) 100vw, 400px\" \/><\/a><\/span><\/div><div class=\"fusion-builder-row fusion-builder-row-inner fusion-row fusion-flex-align-items-stretch fusion-flex-content-wrap\" style=\"width:104% !important;max-width:104% !important;margin-left: calc(-4% \/ 2 );margin-right: calc(-4% \/ 2 );\"><div class=\"fusion-layout-column fusion_builder_column_inner fusion-builder-nested-column-2 fusion_builder_column_inner_1_1 1_1 fusion-flex-column\" style=\"--awb-bg-size:cover;--awb-width-large:100%;--awb-margin-top-large:0px;--awb-spacing-right-large:0%;--awb-margin-bottom-large:0px;--awb-spacing-left-large:1.824%;--awb-width-medium:100%;--awb-margin-top-medium:10px;--awb-spacing-right-medium:1.92%;--awb-margin-bottom-medium:10px;--awb-spacing-left-medium:1.92%;--awb-width-small:100%;--awb-margin-top-small:30px;--awb-spacing-right-small:1.92%;--awb-margin-bottom-small:30px;--awb-spacing-left-small:1.92%;\"><div class=\"fusion-column-wrapper fusion-column-has-shadow fusion-flex-justify-content-flex-start fusion-content-layout-column\"><div class=\"fusion-title title fusion-title-5 fusion-sep-none fusion-title-text fusion-title-size-two\" style=\"--awb-margin-bottom:32px;--awb-margin-bottom-small:60px;--awb-font-size:25px;\"><h2 class=\"fusion-title-heading title-heading-left fusion-responsive-typography-calculated\" style=\"font-family:&quot;Work Sans&quot;;font-style:normal;font-weight:300;margin:0;font-size:1em;--fontSize:25;line-height:1.26;\"><a href=\"https:\/\/italproget.it\/fr\/modules-neutres\/\"><span style=\"color: #8f9d73;\"><strong>MODULES NEUTRES<\/strong><\/span><\/a><\/h2><\/div><div class=\"fusion-text fusion-text-3\"><\/div><\/div><\/div><\/div><\/div><\/div><div class=\"fusion-layout-column fusion_builder_column fusion-builder-column-4 fusion_builder_column_1_4 1_4 fusion-flex-column fusion-flex-align-self-flex-start\" style=\"--awb-padding-top:8%;--awb-padding-bottom:8%;--awb-padding-top-medium:30px;--awb-padding-bottom-medium:30px;--awb-padding-top-small:10px;--awb-padding-bottom-small:10px;--awb-bg-size:cover;--awb-width-large:25%;--awb-margin-top-large:0px;--awb-spacing-right-large:7.68%;--awb-margin-bottom-large:0px;--awb-spacing-left-large:20px;--awb-width-medium:100%;--awb-spacing-right-medium:1.92%;--awb-spacing-left-medium:1.92%;--awb-width-small:100%;--awb-spacing-right-small:1.92%;--awb-spacing-left-small:1.92%;\"><div class=\"fusion-column-wrapper fusion-column-has-shadow fusion-flex-justify-content-center fusion-content-layout-column\"><div class=\"fusion-image-element \" style=\"--awb-caption-title-font-family:var(--h2_typography-font-family);--awb-caption-title-font-weight:var(--h2_typography-font-weight);--awb-caption-title-font-style:var(--h2_typography-font-style);--awb-caption-title-size:var(--h2_typography-font-size);--awb-caption-title-transform:var(--h2_typography-text-transform);--awb-caption-title-line-height:var(--h2_typography-line-height);--awb-caption-title-letter-spacing:var(--h2_typography-letter-spacing);\"><span class=\" fusion-imageframe imageframe-dropshadow imageframe-4 hover-type-zoomin\" style=\"-webkit-box-shadow: 9px 9px 13px rgba(147,147,147,0.3);box-shadow: 9px 9px 13px rgba(147,147,147,0.3);\"><a class=\"fusion-no-lightbox\" href=\"https:\/\/italproget.it\/fr\/modules-neutres-speciaux\/\" target=\"_self\" aria-label=\"macchina-caffe_sito\"><img decoding=\"async\" width=\"1000\" height=\"960\" src=\"https:\/\/italproget.it\/wp-content\/uploads\/2024\/05\/macchina-caffe_sito.jpg\" data-orig-src=\"https:\/\/italproget.it\/wp-content\/uploads\/2024\/05\/macchina-caffe_sito.jpg\" alt class=\"lazyload img-responsive wp-image-11787\" srcset=\"data:image\/svg+xml,%3Csvg%20xmlns%3D%27http%3A%2F%2Fwww.w3.org%2F2000%2Fsvg%27%20width%3D%271000%27%20height%3D%27960%27%20viewBox%3D%270%200%201000%20960%27%3E%3Crect%20width%3D%271000%27%20height%3D%27960%27%20fill-opacity%3D%220%22%2F%3E%3C%2Fsvg%3E\" data-srcset=\"https:\/\/italproget.it\/wp-content\/uploads\/2024\/05\/macchina-caffe_sito-200x192.jpg 200w, https:\/\/italproget.it\/wp-content\/uploads\/2024\/05\/macchina-caffe_sito-400x384.jpg 400w, https:\/\/italproget.it\/wp-content\/uploads\/2024\/05\/macchina-caffe_sito-600x576.jpg 600w, https:\/\/italproget.it\/wp-content\/uploads\/2024\/05\/macchina-caffe_sito-800x768.jpg 800w, https:\/\/italproget.it\/wp-content\/uploads\/2024\/05\/macchina-caffe_sito.jpg 1000w\" data-sizes=\"auto\" data-orig-sizes=\"(max-width: 1024px) 100vw, (max-width: 640px) 100vw, 400px\" \/><\/a><\/span><\/div><div class=\"fusion-builder-row fusion-builder-row-inner fusion-row fusion-flex-align-items-stretch fusion-flex-content-wrap\" style=\"width:104% !important;max-width:104% !important;margin-left: calc(-4% \/ 2 );margin-right: calc(-4% \/ 2 );\"><div class=\"fusion-layout-column fusion_builder_column_inner fusion-builder-nested-column-3 fusion_builder_column_inner_1_1 1_1 fusion-flex-column\" style=\"--awb-bg-size:cover;--awb-width-large:100%;--awb-margin-top-large:0px;--awb-spacing-right-large:0%;--awb-margin-bottom-large:0px;--awb-spacing-left-large:1.824%;--awb-width-medium:100%;--awb-margin-top-medium:10px;--awb-spacing-right-medium:1.92%;--awb-margin-bottom-medium:10px;--awb-spacing-left-medium:1.92%;--awb-width-small:100%;--awb-margin-top-small:30px;--awb-spacing-right-small:1.92%;--awb-margin-bottom-small:30px;--awb-spacing-left-small:1.92%;\"><div class=\"fusion-column-wrapper fusion-column-has-shadow fusion-flex-justify-content-flex-start fusion-content-layout-column\"><div class=\"fusion-title title fusion-title-6 fusion-sep-none fusion-title-text fusion-title-size-two\" style=\"--awb-margin-bottom:32px;--awb-margin-bottom-small:60px;--awb-font-size:25px;\"><h2 class=\"fusion-title-heading title-heading-left fusion-responsive-typography-calculated\" style=\"font-family:&quot;Work Sans&quot;;font-style:normal;font-weight:300;margin:0;font-size:1em;--fontSize:25;line-height:1.26;\"><a href=\"https:\/\/italproget.it\/fr\/modules-neutres-speciaux\/\"><span style=\"color: #8f9d73;\"><strong>MODULES NEUTRES SP\u00c9CIAUX<\/strong><\/span><\/a><\/h2><\/div><div class=\"fusion-text fusion-text-4\"><\/div><\/div><\/div><\/div><\/div><\/div><\/div><\/div>\n","protected":false},"excerpt":{"rendered":"","protected":false},"author":1,"featured_media":0,"parent":0,"menu_order":0,"comment_status":"closed","ping_status":"closed","template":"100-width.php","meta":{"_themeisle_gutenberg_block_has_review":false,"footnotes":""},"class_list":["post-10089","page","type-page","status-publish","hentry"],"yoast_head":"<!-- This site is optimized with the Yoast SEO plugin v27.0 - https:\/\/yoast.com\/product\/yoast-seo-wordpress\/ -->\n<title>Modules Inox - Ital proget<\/title>\n<meta name=\"robots\" content=\"index, follow, max-snippet:-1, max-image-preview:large, max-video-preview:-1\" \/>\n<link rel=\"canonical\" href=\"https:\/\/italproget.it\/fr\/inox\/\" \/>\n<meta property=\"og:locale\" content=\"fr_FR\" \/>\n<meta property=\"og:type\" content=\"article\" \/>\n<meta property=\"og:title\" content=\"Modules Inox - Ital proget\" \/>\n<meta property=\"og:url\" content=\"https:\/\/italproget.it\/fr\/inox\/\" \/>\n<meta property=\"og:site_name\" content=\"Ital proget\" \/>\n<meta property=\"article:modified_time\" content=\"2024-05-20T14:15:00+00:00\" \/>\n<meta name=\"twitter:card\" content=\"summary_large_image\" \/>\n<meta name=\"twitter:label1\" content=\"Dur\u00e9e de lecture estim\u00e9e\" \/>\n\t<meta name=\"twitter:data1\" content=\"15 minutes\" \/>\n<script type=\"application\/ld+json\" class=\"yoast-schema-graph\">{\"@context\":\"https:\/\/schema.org\",\"@graph\":[{\"@type\":\"WebPage\",\"@id\":\"https:\/\/italproget.it\/fr\/inox\/\",\"url\":\"https:\/\/italproget.it\/fr\/inox\/\",\"name\":\"Modules Inox - Ital proget\",\"isPartOf\":{\"@id\":\"https:\/\/italproget.it\/en\/#website\"},\"datePublished\":\"2024-04-04T08:05:34+00:00\",\"dateModified\":\"2024-05-20T14:15:00+00:00\",\"breadcrumb\":{\"@id\":\"https:\/\/italproget.it\/fr\/inox\/#breadcrumb\"},\"inLanguage\":\"fr-FR\",\"potentialAction\":[{\"@type\":\"ReadAction\",\"target\":[\"https:\/\/italproget.it\/fr\/inox\/\"]}]},{\"@type\":\"BreadcrumbList\",\"@id\":\"https:\/\/italproget.it\/fr\/inox\/#breadcrumb\",\"itemListElement\":[{\"@type\":\"ListItem\",\"position\":1,\"name\":\"Home\",\"item\":\"https:\/\/italproget.it\/fr\/\"},{\"@type\":\"ListItem\",\"position\":2,\"name\":\"Modules Inox\"}]},{\"@type\":\"WebSite\",\"@id\":\"https:\/\/italproget.it\/en\/#website\",\"url\":\"https:\/\/italproget.it\/en\/\",\"name\":\"Ital Proget\",\"description\":\"\",\"publisher\":{\"@id\":\"https:\/\/italproget.it\/en\/#organization\"},\"potentialAction\":[{\"@type\":\"SearchAction\",\"target\":{\"@type\":\"EntryPoint\",\"urlTemplate\":\"https:\/\/italproget.it\/en\/?s={search_term_string}\"},\"query-input\":{\"@type\":\"PropertyValueSpecification\",\"valueRequired\":true,\"valueName\":\"search_term_string\"}}],\"inLanguage\":\"fr-FR\"},{\"@type\":\"Organization\",\"@id\":\"https:\/\/italproget.it\/en\/#organization\",\"name\":\"Ital Proget\",\"url\":\"https:\/\/italproget.it\/en\/\",\"logo\":{\"@type\":\"ImageObject\",\"inLanguage\":\"fr-FR\",\"@id\":\"https:\/\/italproget.it\/en\/#\/schema\/logo\/image\/\",\"url\":\"https:\/\/italproget.it\/wp-content\/uploads\/2024\/05\/Logo_blu_g.jpg\",\"contentUrl\":\"https:\/\/italproget.it\/wp-content\/uploads\/2024\/05\/Logo_blu_g.jpg\",\"width\":344,\"height\":132,\"caption\":\"Ital Proget\"},\"image\":{\"@id\":\"https:\/\/italproget.it\/en\/#\/schema\/logo\/image\/\"}}]}<\/script>\n<!-- \/ Yoast SEO plugin. -->","yoast_head_json":{"title":"Modules Inox - Ital proget","robots":{"index":"index","follow":"follow","max-snippet":"max-snippet:-1","max-image-preview":"max-image-preview:large","max-video-preview":"max-video-preview:-1"},"canonical":"https:\/\/italproget.it\/fr\/inox\/","og_locale":"fr_FR","og_type":"article","og_title":"Modules Inox - Ital proget","og_url":"https:\/\/italproget.it\/fr\/inox\/","og_site_name":"Ital proget","article_modified_time":"2024-05-20T14:15:00+00:00","twitter_card":"summary_large_image","twitter_misc":{"Dur\u00e9e de lecture estim\u00e9e":"15 minutes"},"schema":{"@context":"https:\/\/schema.org","@graph":[{"@type":"WebPage","@id":"https:\/\/italproget.it\/fr\/inox\/","url":"https:\/\/italproget.it\/fr\/inox\/","name":"Modules Inox - Ital proget","isPartOf":{"@id":"https:\/\/italproget.it\/en\/#website"},"datePublished":"2024-04-04T08:05:34+00:00","dateModified":"2024-05-20T14:15:00+00:00","breadcrumb":{"@id":"https:\/\/italproget.it\/fr\/inox\/#breadcrumb"},"inLanguage":"fr-FR","potentialAction":[{"@type":"ReadAction","target":["https:\/\/italproget.it\/fr\/inox\/"]}]},{"@type":"BreadcrumbList","@id":"https:\/\/italproget.it\/fr\/inox\/#breadcrumb","itemListElement":[{"@type":"ListItem","position":1,"name":"Home","item":"https:\/\/italproget.it\/fr\/"},{"@type":"ListItem","position":2,"name":"Modules Inox"}]},{"@type":"WebSite","@id":"https:\/\/italproget.it\/en\/#website","url":"https:\/\/italproget.it\/en\/","name":"Ital Proget","description":"","publisher":{"@id":"https:\/\/italproget.it\/en\/#organization"},"potentialAction":[{"@type":"SearchAction","target":{"@type":"EntryPoint","urlTemplate":"https:\/\/italproget.it\/en\/?s={search_term_string}"},"query-input":{"@type":"PropertyValueSpecification","valueRequired":true,"valueName":"search_term_string"}}],"inLanguage":"fr-FR"},{"@type":"Organization","@id":"https:\/\/italproget.it\/en\/#organization","name":"Ital Proget","url":"https:\/\/italproget.it\/en\/","logo":{"@type":"ImageObject","inLanguage":"fr-FR","@id":"https:\/\/italproget.it\/en\/#\/schema\/logo\/image\/","url":"https:\/\/italproget.it\/wp-content\/uploads\/2024\/05\/Logo_blu_g.jpg","contentUrl":"https:\/\/italproget.it\/wp-content\/uploads\/2024\/05\/Logo_blu_g.jpg","width":344,"height":132,"caption":"Ital Proget"},"image":{"@id":"https:\/\/italproget.it\/en\/#\/schema\/logo\/image\/"}}]}},"_links":{"self":[{"href":"https:\/\/italproget.it\/fr\/wp-json\/wp\/v2\/pages\/10089","targetHints":{"allow":["GET"]}}],"collection":[{"href":"https:\/\/italproget.it\/fr\/wp-json\/wp\/v2\/pages"}],"about":[{"href":"https:\/\/italproget.it\/fr\/wp-json\/wp\/v2\/types\/page"}],"author":[{"embeddable":true,"href":"https:\/\/italproget.it\/fr\/wp-json\/wp\/v2\/users\/1"}],"replies":[{"embeddable":true,"href":"https:\/\/italproget.it\/fr\/wp-json\/wp\/v2\/comments?post=10089"}],"version-history":[{"count":0,"href":"https:\/\/italproget.it\/fr\/wp-json\/wp\/v2\/pages\/10089\/revisions"}],"wp:attachment":[{"href":"https:\/\/italproget.it\/fr\/wp-json\/wp\/v2\/media?parent=10089"}],"curies":[{"name":"wp","href":"https:\/\/api.w.org\/{rel}","templated":true}]}}